{"id":7683,"date":"2023-03-27T10:09:46","date_gmt":"2023-03-27T09:09:46","guid":{"rendered":"http:\/\/klima-fakten.net\/?page_id=7683"},"modified":"2023-04-27T08:24:56","modified_gmt":"2023-04-27T07:24:56","slug":"emissionen-und-co2-konzentration-ein-evidenzbasierter-ansatz","status":"publish","type":"page","link":"https:\/\/klima-fakten.net\/?page_id=7683","title":{"rendered":"Emissionen und CO2-Konzentration &#8212; Ein evidenzbasierter Ansatz"},"content":{"rendered":"<div class=\"pdfprnt-buttons pdfprnt-buttons-page pdfprnt-top-right\"><a href=\"https:\/\/klima-fakten.net\/index.php?rest_route=wpv2pages7683&print=print\" class=\"pdfprnt-button pdfprnt-button-print\" target=\"_blank\"><img decoding=\"async\" src=\"https:\/\/klima-fakten.net\/wp-content\/plugins\/pdf-print\/images\/print.png\" alt=\"image_print\" title=\"Inhalt drucken\" \/><\/a><\/div>\n\n\n<h5 class=\"wp-block-heading\">Eine neue Sichtweise auf das Problem<\/h5>\n\n\n\n<p>Die Klimawissenschaft befasst sich in der Regel mit der Frage &#8222;Wie viel CO<sub>2<\/sub> verbleibt in der Atmosph\u00e4re?&#8220;, angesichts der anthropogenen Emissionen und der begrenzten F\u00e4higkeit der Ozeane und der Biosph\u00e4re, die \u00fcbersch\u00fcssige CO<sub>2<\/sub> Konzentration aufzunehmen. Dies hat zu Schlussfolgerungen der Art gef\u00fchrt, dass ein bestimmter zunehmender Anteil der anthropogenen Emissionen werden f\u00fcr immer in der Atmosph\u00e4re verbleibt.<\/p>\n\n\n\n<p>Wir \u00e4ndern den Fokus der Aufmerksamkeit, indem wir die logisch \u00e4quivalente Frage &#8222;Wie viel CO<sub>2<\/sub> verbleibt nicht in der Atmosph\u00e4re?&#8220; stellen. Warum ist das so anders? Die Menge an CO<sub>2<\/sub> , die nicht in der Atmosph\u00e4re verbleibt, kann anhand direkter Messungen berechnet werden. Wir m\u00fcssen nicht jeden einzelnen Absorptionsmechanismus aus der Atmosph\u00e4re in die Ozeane oder Pflanzen analysieren. Aus den bekannten globalen Konzentrations\u00e4nderungen und den bekannten globalen Emissionen k\u00f6nnen wir die Summe der tats\u00e4chlichen j\u00e4hrlichen Absorption gut absch\u00e4tzen. Diese sind mit der CO<sub>2 <\/sub>-Konzentration verbunden, was die Leithypothese eines linearen Absorptionsmodells begr\u00fcndet. Es stellt sich heraus, dass wir die tats\u00e4chlichen Koeffizienten der einzelnen Absorptionsmechanismen nicht zu kennen brauchen &#8211; es reicht aus, ihre lineare Abh\u00e4ngigkeit von der aktuellen CO<sub>2<\/sub> Konzentration anzunehmen.<\/p>\n\n\n\n<p>Dies ist eine Zusammenfassung <a href=\"https:\/\/www.mdpi.com\/2073-4433\/14\/3\/566\">eines k\u00fcrzlich ver\u00f6ffentlichten Artikels<\/a>, in dem alle Aussagen detailliert abgeleitet und mit Referenzen und einem mathematischen Modell untermauert werden. Im Unterschied zu dem Artikel wird in dieser Kurzfassung der Einflu\u00df der mit gro\u00dfen Unsicherheiten behafteten Emissionen aufgrund von Landnutzungs\u00e4nderung weggelassen, weil  <\/p>\n\n\n\n<ol class=\"wp-block-list\">\n<li>es legitim ist, die ohnehin mit gro\u00dfen Unsicherheiten behafteten Landnutzungsemissionen den unbekannten nat\u00fcrlichen Emissionen zuzuschlagen<\/li>\n\n\n\n<li>sich der statistische Fehler des Ergebnisses bei Weglassen der aufgrund der Unsicherheit ziemlich willk\u00fcrlichen Landnutzungs\u00e4nderung verringert, was zu h\u00f6herer Prognosequalit\u00e4t f\u00fchrt. <\/li>\n<\/ol>\n\n\n\n<h5 class=\"wp-block-heading\">Massenerhaltung von CO<sub>2<\/sub><\/h5>\n\n\n\n<p>Wie bei der Jahresbilanz eines Bankkontos ergibt sich die atmosph\u00e4rische CO<sub>2<\/sub>-Bilanz aus den Gesamtemissionen abz\u00fcglich der Gesamtabsorption:<\/p>\n\n\n\n<p><strong>Konzentrationswachstum = Emissionen &#8211; Absorptionen<\/strong><\/p>\n\n\n\n<p>Damit diese Gleichung korrekt ist, m\u00fcssen alle Gr\u00f6\u00dfen in derselben Ma\u00dfeinheit gemessen werden. Hier verwenden wir ppm (&#8222;part per Million&#8220;, 1 ppm = 7,78 Gt CO2 ). Der j\u00e4hrliche Anstieg im Jahre i der CO<sub>2<\/sub>-Konzentration <img loading=\"lazy\" decoding=\"async\" src=\"https:\/\/klima-fakten.net\/wp-content\/ql-cache\/quicklatex.com-a78adcff3cf074c214782d747fea8241_l3.png\" class=\"ql-img-inline-formula quicklatex-auto-format\" alt=\"&#67;&#95;&#123;&#105;&#125;&#32;&#45;&#32;&#67;&#95;&#123;&#105;&#45;&#49;&#125;\" title=\"Rendered by QuickLaTeX.com\" height=\"15\" width=\"75\" style=\"vertical-align: -3px;\"\/>   (blau) w\u00e4chst im Schnitt langsamer die gesamten anthropogenen Emissionen <img loading=\"lazy\" decoding=\"async\" src=\"https:\/\/klima-fakten.net\/wp-content\/ql-cache\/quicklatex.com-b98e70028d6515eb74b40aed23681258_l3.png\" class=\"ql-img-inline-formula quicklatex-auto-format\" alt=\"&#69;&#95;&#105;\" title=\"Rendered by QuickLaTeX.com\" height=\"15\" width=\"18\" style=\"vertical-align: -3px;\"\/> (grau), was bedeutet, dass die daraus berechnete Netto Absorption  <img loading=\"lazy\" decoding=\"async\" src=\"https:\/\/klima-fakten.net\/wp-content\/ql-cache\/quicklatex.com-9b2fc00fdf5801d2a26d74229875eda9_l3.png\" class=\"ql-img-inline-formula quicklatex-auto-format\" alt=\"&#65;&#95;&#105;\" title=\"Rendered by QuickLaTeX.com\" height=\"16\" width=\"18\" style=\"vertical-align: -3px;\"\/> (gr\u00fcn) mit der steigenden CO<sub>2<\/sub>-Konzentration tendenziell zunimmt: <p class=\"ql-center-displayed-equation\" style=\"line-height: 19px;\"><span class=\"ql-right-eqno\"> &nbsp; <\/span><span class=\"ql-left-eqno\"> &nbsp; <\/span><img loading=\"lazy\" decoding=\"async\" src=\"https:\/\/klima-fakten.net\/wp-content\/ql-cache\/quicklatex.com-9d16d6af6a15f350f27ed8f3c536778c_l3.png\" height=\"19\" width=\"171\" class=\"ql-img-displayed-equation quicklatex-auto-format\" alt=\"&#92;&#91;&#65;&#95;&#105;&#32;&#61;&#32;&#69;&#95;&#105;&#32;&#45;&#32;&#40;&#67;&#95;&#123;&#105;&#125;&#32;&#45;&#32;&#67;&#95;&#123;&#105;&#45;&#49;&#125;&#41;&#92;&#93;\" title=\"Rendered by QuickLaTeX.com\"\/><\/p>  F\u00fcr die bessere Erkennbarkeit werden die Absorptionen mit  negativem Vorzeichen dargestellt: <\/p>\n\n\n\n<figure class=\"wp-block-image size-full\"><img loading=\"lazy\" decoding=\"async\" width=\"640\" height=\"429\" src=\"https:\/\/klima-fakten.net\/wp-content\/uploads\/2023\/04\/image-3.png\" alt=\"\" class=\"wp-image-7824\" srcset=\"https:\/\/klima-fakten.net\/wp-content\/uploads\/2023\/04\/image-3.png 640w, https:\/\/klima-fakten.net\/wp-content\/uploads\/2023\/04\/image-3-300x201.png 300w\" sizes=\"auto, (max-width: 640px) 100vw, 640px\" \/><\/figure>\n\n\n\n<p>Wichtig ist hierbei zu bemerken, dass alle nat\u00fcrlichen Emissionen und Absorptionen, die innerhalb der Messintervalle (hier je 1 Jahr) geschehen und sich ausmitteln, &#8222;unsichtbar&#8220; sind.  <\/p>\n\n\n\n<h5 class=\"wp-block-heading\">Die Annahme einer ann\u00e4hernden Linearit\u00e4t der relevanten Absorptionsprozesse<\/h5>\n\n\n\n<p>Dies wird durch ein Streudiagramm veranschaulicht, das die effektive CO<sub>2<\/sub>-Absorption mit der CO<sub>2<\/sub>-Konzentration in Beziehung setzt. Physikalischer Hintergrund dieser Darstellung ist, dass alle Diffusions- und Absorptionsprozesse mit der Konzentration linear skalieren, ebenso die Aufnahme von CO<sub>2<\/sub> bei der Photosynthese (C<sub>4<\/sub>-Pflanzen haben ein Plateau mit geringem aber trotzdem linearen Anstieg im Konzentrationsbereich 280..600 ppm). <\/p>\n\n\n\n<figure class=\"wp-block-image size-full\"><img loading=\"lazy\" decoding=\"async\" width=\"645\" height=\"433\" src=\"https:\/\/klima-fakten.net\/wp-content\/uploads\/2023\/04\/image-5.png\" alt=\"\" class=\"wp-image-7834\" srcset=\"https:\/\/klima-fakten.net\/wp-content\/uploads\/2023\/04\/image-5.png 645w, https:\/\/klima-fakten.net\/wp-content\/uploads\/2023\/04\/image-5-300x201.png 300w\" sizes=\"auto, (max-width: 645px) 100vw, 645px\" \/><\/figure>\n\n\n\n<p>Es legt eine langfristige lineare Abh\u00e4ngigkeit der effektiven Absorption von der atmosph\u00e4rischen CO<sub>2<\/sub>-Konzentration mit erheblichen kurzfristigen Abweichungen (Vulkane, el Nino etc.) nahe, wobei die effektive Null-Absorptionslinie bei  ca. 280 ppm geschnitten wird. Dies wird als die vorindustrielle CO<sub>2<\/sub>-Gleichgewichtskonzentration <img loading=\"lazy\" decoding=\"async\" src=\"https:\/\/klima-fakten.net\/wp-content\/ql-cache\/quicklatex.com-b86dcc1b221c53263fedbe0c87a8366a_l3.png\" class=\"ql-img-inline-formula quicklatex-auto-format\" alt=\"&#67;&#95;&#48;\" title=\"Rendered by QuickLaTeX.com\" height=\"15\" width=\"20\" style=\"vertical-align: -3px;\"\/> angesehen, bei der die nat\u00fcrlichen j\u00e4hrlichen Emissionen durch die j\u00e4hrlichen Absorptionen ausgeglichen sind. Die durchschnittliche j\u00e4hrliche Absorption betr\u00e4gt etwa 2 % der CO<sub>2<\/sub>-Konzentration, die 280 ppm \u00fcberschreitet.  Das Modell der Absorption im Jahre i ist also <p class=\"ql-center-displayed-equation\" style=\"line-height: 19px;\"><span class=\"ql-right-eqno\"> &nbsp; <\/span><span class=\"ql-left-eqno\"> &nbsp; <\/span><img loading=\"lazy\" decoding=\"async\" src=\"https:\/\/klima-fakten.net\/wp-content\/ql-cache\/quicklatex.com-1fe0eed554310b363dcc7630079e0469_l3.png\" height=\"19\" width=\"155\" class=\"ql-img-displayed-equation quicklatex-auto-format\" alt=\"&#92;&#91;&#65;&#95;&#105;&#32;&#61;&#32;&#97;&#92;&#99;&#100;&#111;&#116;&#40;&#67;&#95;&#123;&#105;&#45;&#49;&#125;&#45;&#67;&#95;&#48;&#41;&#92;&#93;\" title=\"Rendered by QuickLaTeX.com\"\/><\/p> mit der Logik, dass die aktuellen Ver\u00e4nderungen sich aus dem Zustand des Vorjahres brechnen. Die Modellparameter werden aus den Messdaten mit dem Verfahren kleinster Quadrate bestimmt: <\/p>\n\n\n\n<figure class=\"wp-block-image size-full is-resized\"><img loading=\"lazy\" decoding=\"async\" src=\"https:\/\/klima-fakten.net\/wp-content\/uploads\/2023\/04\/image-2.png\" alt=\"\" class=\"wp-image-7823\" width=\"597\" height=\"400\" srcset=\"https:\/\/klima-fakten.net\/wp-content\/uploads\/2023\/04\/image-2.png 640w, https:\/\/klima-fakten.net\/wp-content\/uploads\/2023\/04\/image-2-300x201.png 300w\" sizes=\"auto, (max-width: 597px) 100vw, 597px\" \/><\/figure>\n\n\n\n<h5 class=\"wp-block-heading\">CO<sub>2<\/sub> Konzentration als Proxy f\u00fcr die Temperatur<\/h5>\n\n\n\n<p>Wenn wir Vorhersagen mit hypothetischen zuk\u00fcnftigen CO<sub>2<\/sub>-Emissionen machen, kennen wir die zuk\u00fcnftigen Temperaturen nicht. Ohne in die problematische Diskussion dar\u00fcber einzutauchen, wie stark der Einfluss der CO<sub>2<\/sub>-Konzentration auf die Temperatur ist, nehmen wir hypothetisch den Fall einer vollst\u00e4ndigen Vorhersagbarkeit der Temperatur als Auswirkung der CO<sub>2<\/sub>-Konzentration an.  Dies ist kein &#8222;Glaubensbekenntnis&#8220; in eine bestimmte Richtung, sondern eine pragmatische Arbeitshypothese, um nicht vom  Kernthema durch eine an dieser Stelle unangebrachten Diskussion abzulenken.  <\/p>\n\n\n\n<figure class=\"wp-block-image size-large is-resized\"><img loading=\"lazy\" decoding=\"async\" src=\"http:\/\/klima-fakten.net\/wp-content\/uploads\/2023\/03\/image-3.png\" alt=\"\" class=\"wp-image-7685\" width=\"539\" height=\"355\" srcset=\"https:\/\/klima-fakten.net\/wp-content\/uploads\/2023\/03\/image-3.png 651w, https:\/\/klima-fakten.net\/wp-content\/uploads\/2023\/03\/image-3-300x198.png 300w\" sizes=\"auto, (max-width: 539px) 100vw, 539px\" \/><\/figure>\n\n\n\n<p> Ohne Annahmen \u00fcber die C-&gt;T-Kausalit\u00e4t zu machen, wird die gesch\u00e4tzte funktionale Abh\u00e4ngigkeit des Temperatur aus der Regression mit der CO<sub>2<\/sub>-Konzentration C wie folgt ermittelt:  <\/p>\n\n\n\n<p>T<sub>proxy <\/sub>&nbsp;= -16,0 + 2,77*ln(C) = 2,77* ln(C\/(323ppm)<strong>)<\/strong><\/p>\n\n\n\n<p>Dies entspricht einer Sensitivit\u00e4t von  2,77*ln(2) \u00b0C = 1,92\u00b0 C bei Verdoppelung der CO<sub>2<\/sub>-Konzentration.<\/p>\n\n\n\n<h5 class=\"wp-block-heading\">Modell-Validierung<\/h5>\n\n\n\n<p>Das Modell mit konstantem Absorptionsparameter   von knapp 2% und konstanten nat\u00fcrlichen Emissionen  wird aufgrund statistischer Pr\u00fcfung als das zuverl\u00e4ssigste ausgew\u00e4hlt auf der Grundlage von Emissionsdaten und Konzentrationsdaten von 1950 bis 2000. <\/p>\n\n\n\n<p>Die CO<sub>2<\/sub> Konzentrationen zwischen 2000 und 2020 werden vom Modell und den Emissionsdaten 2000-2020 vorhergesagt: <\/p>\n\n\n\n<figure class=\"wp-block-image size-large is-resized\"><img loading=\"lazy\" decoding=\"async\" src=\"http:\/\/klima-fakten.net\/wp-content\/uploads\/2023\/03\/image-12.png\" alt=\"\" class=\"wp-image-7712\" width=\"546\" height=\"363\" srcset=\"https:\/\/klima-fakten.net\/wp-content\/uploads\/2023\/03\/image-12.png 648w, https:\/\/klima-fakten.net\/wp-content\/uploads\/2023\/03\/image-12-300x200.png 300w\" sizes=\"auto, (max-width: 546px) 100vw, 546px\" \/><\/figure>\n\n\n\n<p>Dies ist eine hervorragende Vorhersage der Konzentrationen auf der Grundlage der Emissionen und der oben genannten Modellannahmen. Es gibt nur geringe Abweichungen zwischen den Vorhersagen und den tats\u00e4chlichen Daten. Obwohl das Modell mit funktional unterschiedlichen <a href=\"https:\/\/www.mdpi.com\/2073-4433\/14\/3\/566\">zeit- und temperaturabh\u00e4ngigen Absorptionverl\u00e4ufen gepr\u00fcft wurde<\/a>, f\u00fchren die Daten der letzten 70 Jahre, d.h. des Zeitraums, in dem die meisten anthropogenen CO<sub>2<\/sub> -Emissionen stattfanden, zu der Schlussfolgerung, dass der CO<sub>2<\/sub> -Absorptionsparameter keine signifikante temperatur- oder sonstige zeitabh\u00e4ngige Komponente aufweist und ein aktueller CO<sub>2<\/sub> -Emissionsimpuls mit einer Halbwertszeit von 35-42 Jahren absorbiert wird.<\/p>\n\n\n\n<h5 class=\"wp-block-heading\">Zuk\u00fcnftiges Emissionsszenario<\/h5>\n\n\n\n<p>Das wahrscheinlichste zuk\u00fcnftige Emissionsszenario ist das Emissionsszenario der internationalen Energieagentur (IEA) mit ann\u00e4hernd konstanten, leicht sinkenden globalen Emissionen. Der tats\u00e4chlich verwendete Datensatz f\u00fcr eine realistische Zukunftsprojektion (\u201estated policies\u201c) wird durch eine Trendextrapolation \u00fcber das Jahr 2050 hinaus erweitert. Die Emissionen werden im Jahr 2100 nicht auf Null reduziert werden, sondern \u00e4hnlich dem Wert von 2005 sein.<\/p>\n\n\n\n<figure class=\"wp-block-image size-large is-resized\"><img loading=\"lazy\" decoding=\"async\" src=\"http:\/\/klima-fakten.net\/wp-content\/uploads\/2023\/03\/image-13.png\" alt=\"\" class=\"wp-image-7716\" width=\"521\" height=\"349\" srcset=\"https:\/\/klima-fakten.net\/wp-content\/uploads\/2023\/03\/image-13.png 641w, https:\/\/klima-fakten.net\/wp-content\/uploads\/2023\/03\/image-13-300x201.png 300w\" sizes=\"auto, (max-width: 521px) 100vw, 521px\" \/><\/figure>\n\n\n\n<h5 class=\"wp-block-heading\">Vorhersage der k\u00fcnftigen CO<sub>2<\/sub> Konzentration<\/h5>\n\n\n\n<p>Aus diesem realistischen Emissionsszenario wird die zuk\u00fcnftige CO<sub>2<\/sub>-Konzentration mit unserem Modell rekursiv vorhergesagt: <p class=\"ql-center-displayed-equation\" style=\"line-height: 19px;\"><span class=\"ql-right-eqno\"> &nbsp; <\/span><span class=\"ql-left-eqno\"> &nbsp; <\/span><img loading=\"lazy\" decoding=\"async\" src=\"https:\/\/klima-fakten.net\/wp-content\/ql-cache\/quicklatex.com-bf9d4c26e3c3bfe8ee67bbe095f7bfa3_l3.png\" height=\"19\" width=\"253\" class=\"ql-img-displayed-equation quicklatex-auto-format\" alt=\"&#92;&#91;&#67;&#95;&#105;&#32;&#61;&#32;&#67;&#95;&#123;&#105;&#45;&#49;&#125;&#32;&#43;&#32;&#69;&#95;&#105;&#32;&#32;&#45;&#32;&#97;&#92;&#99;&#100;&#111;&#116;&#32;&#40;&#67;&#95;&#123;&#105;&#45;&#49;&#125;&#32;&#45;&#32;&#67;&#95;&#48;&#41;&#92;&#93;\" title=\"Rendered by QuickLaTeX.com\"\/><\/p><\/p>\n\n\n\n<p>Mit dem von der IEA angegebenen Szenario der &#8222;erkl\u00e4rten Ma\u00dfnahmen&#8220;, d.h. Fortschreibung der heutigen Gesetzgebung, wird in der zweiten H\u00e4lfte dieses Jahrhunderts ein Gleichgewicht der CO<sub>2<\/sub>-Konzentration von ca. 475 ppm erreicht werden.&nbsp; Auf der Grundlage der obigen empirischen CO<sub>2<\/sub>-Temperaturproxy-Gleichung entspricht dieser Anstieg der CO<sub>2<\/sub>-Konzentration von 410 ppm (im Jahr 2020) auf 475 ppm einem Temperaturanstieg von 0,4\u00b0C ab 2020 bzw. 1,4\u00b0C ab 1850.<\/p>\n\n\n\n<figure class=\"wp-block-image size-large is-resized\"><img loading=\"lazy\" decoding=\"async\" src=\"http:\/\/klima-fakten.net\/wp-content\/uploads\/2023\/03\/image-8.png\" alt=\"\" class=\"wp-image-7691\" width=\"524\" height=\"347\" srcset=\"https:\/\/klima-fakten.net\/wp-content\/uploads\/2023\/03\/image-8.png 648w, https:\/\/klima-fakten.net\/wp-content\/uploads\/2023\/03\/image-8-300x199.png 300w\" sizes=\"auto, (max-width: 524px) 100vw, 524px\" \/><\/figure>\n\n\n\n<p>Daraus folgt, dass wir in der zweiten H\u00e4lfte dieses Jahrhunderts eine maximale CO<sub>2<\/sub>-Konzentration von etwa 475 ppm erwarten k\u00f6nnen. Zu diesem Zeitpunkt werden die Emissionen durch die Absorption vollst\u00e4ndig ausgeglichen sein, was per Definition die &#8222;Netto-Null-Situation&#8220; darstellt.<\/p>\n\n\n\n<p>Ganz offensichtlich besitzt diese Kurve einen Wendepunkt, also einen Punkt mit maximalem Konzentrationsanstieg. Mit blo\u00dfem Auge ist nicht erkennbar, ob der in der nahen Zukunft sein muss oder bereits in der Vergangenheit. Eine Analyse der Konzentrationsdaten bis Ende 2022 ergibt, dass das Maximum der Steigung und damit der Wendepunkt der Konzentration bereits im Jahre 2016 gewesen war, eine sehr sch\u00f6ne Best\u00e4tigung des vorgestellten Konzepts:<\/p>\n\n\n\n<figure class=\"wp-block-image size-full is-resized\"><img loading=\"lazy\" decoding=\"async\" src=\"https:\/\/klima-fakten.net\/wp-content\/uploads\/2023\/04\/image-4.png\" alt=\"\" class=\"wp-image-7829\" width=\"577\" height=\"383\" srcset=\"https:\/\/klima-fakten.net\/wp-content\/uploads\/2023\/04\/image-4.png 647w, https:\/\/klima-fakten.net\/wp-content\/uploads\/2023\/04\/image-4-300x199.png 300w\" sizes=\"auto, (max-width: 577px) 100vw, 577px\" \/><\/figure>\n\n\n\n<p>Geht man von dem unwahrscheinlichen hypothetischen Fall aus, dass die CO<sub>2<\/sub>-Konzentration f\u00fcr alle globalen Temperaturver\u00e4nderungen verantwortlich ist, so betr\u00e4gt der mittels obiger Proxy-Gleichung ermittelte maximale erwartete Anstieg der globalen Temperatur, der durch den erwarteten Anstieg der CO<sub>2<\/sub>-Konzentration verursacht wird, 0,4\u00b0 C ab jetzt oder 1,4\u00b0C ab Beginn der Industrialisierung.<\/p>\n\n\n\n<p><strong>Wenn wir also mit den derzeitigen CO<sub>2<\/sub> -Emissionen und einer Effizienzsteigerung von 3 % pro Jahrzehnt weiterleben, ist das optimistische Pariser Klimaziel von 1,5\u00b0 bei Netto Null erf\u00fcllt.<\/strong><\/p>\n","protected":false},"excerpt":{"rendered":"<p>Eine neue Sichtweise auf das Problem Die Klimawissenschaft befasst sich in der Regel mit der Frage &#8222;Wie viel CO2 verbleibt in der Atmosph\u00e4re?&#8220;, angesichts der &hellip; <\/p>\n","protected":false},"author":1,"featured_media":0,"parent":0,"menu_order":0,"comment_status":"closed","ping_status":"closed","template":"","meta":{"_monsterinsights_skip_tracking":false,"_monsterinsights_sitenote_active":false,"_monsterinsights_sitenote_note":"","_monsterinsights_sitenote_category":0,"_uf_show_specific_survey":0,"_uf_disable_surveys":false,"twitterCardType":"","cardImageID":0,"cardImage":"","cardTitle":"","cardDesc":"","cardImageAlt":"","cardPlayer":"","cardPlayerWidth":0,"cardPlayerHeight":0,"cardPlayerStream":"","cardPlayerCodec":"","footnotes":""},"class_list":["post-7683","page","type-page","status-publish","hentry"],"_links":{"self":[{"href":"https:\/\/klima-fakten.net\/index.php?rest_route=\/wp\/v2\/pages\/7683","targetHints":{"allow":["GET"]}}],"collection":[{"href":"https:\/\/klima-fakten.net\/index.php?rest_route=\/wp\/v2\/pages"}],"about":[{"href":"https:\/\/klima-fakten.net\/index.php?rest_route=\/wp\/v2\/types\/page"}],"author":[{"embeddable":true,"href":"https:\/\/klima-fakten.net\/index.php?rest_route=\/wp\/v2\/users\/1"}],"replies":[{"embeddable":true,"href":"https:\/\/klima-fakten.net\/index.php?rest_route=%2Fwp%2Fv2%2Fcomments&post=7683"}],"version-history":[{"count":83,"href":"https:\/\/klima-fakten.net\/index.php?rest_route=\/wp\/v2\/pages\/7683\/revisions"}],"predecessor-version":[{"id":7879,"href":"https:\/\/klima-fakten.net\/index.php?rest_route=\/wp\/v2\/pages\/7683\/revisions\/7879"}],"wp:attachment":[{"href":"https:\/\/klima-fakten.net\/index.php?rest_route=%2Fwp%2Fv2%2Fmedia&parent=7683"}],"curies":[{"name":"wp","href":"https:\/\/api.w.org\/{rel}","templated":true}]}}