{"id":415,"date":"2019-09-19T18:39:01","date_gmt":"2019-09-19T18:39:01","guid":{"rendered":"http:\/\/klima-fakten.net\/?page_id=415"},"modified":"2021-07-10T15:52:36","modified_gmt":"2021-07-10T14:52:36","slug":"konstruktive-loesungen","status":"publish","type":"page","link":"https:\/\/klima-fakten.net\/?page_id=415","title":{"rendered":"Konstruktive L\u00f6sungen"},"content":{"rendered":"<div class=\"pdfprnt-buttons pdfprnt-buttons-page pdfprnt-top-right\"><a href=\"https:\/\/klima-fakten.net\/index.php?rest_route=wpv2pages415&print=print\" class=\"pdfprnt-button pdfprnt-button-print\" target=\"_blank\"><img decoding=\"async\" src=\"https:\/\/klima-fakten.net\/wp-content\/plugins\/pdf-print\/images\/print.png\" alt=\"image_print\" title=\"Inhalt drucken\" \/><\/a><\/div>\n<p>Es gibt in der verfahrenen Klimadiskussion auch wirklich gute Nachrichten. Unabh\u00e4ngig davon, wie man zur Frage der Notwendigkeit von CO<sub>2<\/sub> &#8211; Reduktionen steht, kann m.E. hinsichtlich der folgenden CO<sub>2<\/sub> relevanten Umwelt- und Entwicklungskonzepte sehr viel leichter ein gesellschaftlicher Konsens hergestellt werden als mit politischen Aktionen, die langfristig auf eine De-Industrialisierung Deutschlands und Europas hinauslaufen.<\/p>\n\n\n\n<p>Ein zentraler Grundgedanke ist dabei, durch Pflanzenwuchs<\/p>\n\n\n\n<ul class=\"wp-block-list\"><li> <strong>atmosph\u00e4risches CO<\/strong><sub><strong>2<\/strong><\/sub><strong> zu binden, was den m\u00f6glichen CO<\/strong><sub><strong>2<\/strong><\/sub><strong> bedingten Treibhauseffekt direkt reduziert<\/strong><\/li><li><strong>die Abstrahlung von W\u00e4rme zu reduzieren, was unmittelbar die Lufttemperatur senkt, <\/strong><\/li><li><strong>die Verdunstung und damit die Wolkenbildung zu verst\u00e4rken,  was infolge der Reflektion der Wolken die Einstrahlung von Sonnenenergie reduziert, <\/strong><\/li><li><strong>in der Folge die Luftfeuchtigkeit der meeresnahen Atmosph\u00e4re weiter ins Binnenland zu transportieren, was dort dann auch wieder das Pflanzenwachstum verbessert. <\/strong><\/li><\/ul>\n\n\n\n<p>Es folgen einige besondere herausragende Modellkonzepte, die als geeignet erscheinen, im gro\u00dfen Stil nicht nur zur Reduzierung von CO<sub>2<\/sub> beizutragen, sondern auch die Lebensqualit\u00e4t von Menschen und \u00d6kosph\u00e4re signifikant zu verbessern.<\/p>\n\n\n\n<p>Der andere Gedanke ist, durch gezielte Ma\u00dfnahmen und gute Informationen auf freiwilliger Basis in den Industriel\u00e4ndern eine Energieeinsparung zu erreichen, die wirtschaftlich sinnvoll ist und gleichzeitig signifikante Mengen an &#8222;Treibhausgasen&#8220; einspart.     <\/p>\n\n\n\n<p>F\u00fcr politische Entscheidungen wird es wesentlich sein, sich der Randbedingung endlicher finanzieller Resourcen bewu\u00dft zu sein, und zu fragen, auf welchem Wege mit begrenzten Mitteln das f\u00fcr die gr\u00f6\u00dftm\u00f6gliche Zahl von Menschen beste Ergebnis zu erreichen. <\/p>\n\n\n\n<h4 class=\"wp-block-heading\" id=\"block_Lomborg\">Welche politische Ma\u00dfnahme hat die gr\u00f6\u00dfte Wirksamkeit?<\/h4>\n\n\n\n<p>Eigentlich sollte es eine Selbstverst\u00e4ndlichkeit sein, dass vor allen politischen Entscheidungen Ma\u00dfnahmen zuerst gefragt wird, was der zu erwartende Aufwand f\u00fcr die zu erwartende Wirkung ist.  Bei konkurrierenden Ma\u00dfnahmen muss eine Bewertung und Priorisierung im Hinblick auf die gr\u00f6\u00dfte Wirksamkeit und ggf. eine Abw\u00e4gung m\u00f6glicher Risiken vorgenommen werden.   <br><strong>Die Art und Weise, wie aktuell die Klimadebatte gef\u00fchrt wird und mit vorwiegend emotionalen statt faktenbasierten Argumenten schwerwiegende Entscheidungen herbeigef\u00fchrt werden, f\u00fchrt in der Konsequenz zu einem dramatischen Vertrauensverlust zu den Regierenden<\/strong>.   <\/p>\n\n\n\n<p>Es geht auch anders. Der d\u00e4nische \u00d6konom Bj\u00f6rn Lomborg, der Leiter des d\u00e4nischen Instituts <a href=\"https:\/\/www.copenhagenconsensus.com\/\">Copenhagen Consensus<\/a> hat im Auftrag der UN eine sorgf\u00e4ltige Analyse der Top 20 Entwicklungsziele durchgef\u00fchrt und kommt zu \u00fcberraschenen Konsequenzen:<\/p>\n\n\n\n<figure class=\"wp-block-embed-youtube wp-block-embed is-type-video is-provider-youtube wp-embed-aspect-4-3 wp-has-aspect-ratio\"><div class=\"wp-block-embed__wrapper\">\n<iframe loading=\"lazy\" title=\"Bjorn Lomborg: Global priorities bigger than climate change\" width=\"1200\" height=\"900\" src=\"https:\/\/www.youtube.com\/embed\/Dtbn9zBfJSs?feature=oembed\" frameborder=\"0\" allow=\"accelerometer; autoplay; clipboard-write; encrypted-media; gyroscope; picture-in-picture\" allowfullscreen><\/iframe>\n<\/div><\/figure>\n\n\n\n<p>Zur aktuellen Klimadiskussion schl\u00e4gt er mit guten Gr\u00fcnden einen innovativen Ansatz vor, anstatt durch durch Subventionen und Steuern unsere wirtschaftlichen Lebensgrundlagen nachhaltig zu gef\u00e4hrden:<\/p>\n\n\n\n<figure class=\"wp-block-embed-youtube wp-block-embed is-type-video is-provider-youtube wp-embed-aspect-16-9 wp-has-aspect-ratio\"><div class=\"wp-block-embed__wrapper\">\n<iframe loading=\"lazy\" title=\"Economics of climate change innovation | Bj\u00f8rn Lomborg\" width=\"1200\" height=\"675\" src=\"https:\/\/www.youtube.com\/embed\/SEjNVWV5jbs?feature=oembed\" frameborder=\"0\" allow=\"accelerometer; autoplay; clipboard-write; encrypted-media; gyroscope; picture-in-picture\" allowfullscreen><\/iframe>\n<\/div><\/figure>\n\n\n\n<p>Offenbar ist diese zielf\u00fchrende Denkweise auch <strong>Konsens in den internationalen Organisationen<\/strong>.  Bei den &#8222;<a href=\"https:\/\/www.un.org\/sustainabledevelopment\/sustainable-development-goals\/\">Nachhaltigen Entwicklungszielen<\/a>&#8220; der Vereinten Nationen hat &#8222;bezahlbare Energie&#8220; einen sehr viel h\u00f6heren Stellenwert (7) als &#8222;Klimaaktionen&#8220; (14): <\/p>\n\n\n\n<ol class=\"wp-block-list\"><li>Beseitigung von Armut<\/li><li>Bek\u00e4mpfung des Hungers<\/li><li>Gute Gesundheitsversorgung<\/li><li>Bildung hoher Qualit\u00e4t<\/li><li>Gleichberechtigung<\/li><li>Sauberes Wasser und Abwasser<\/li><li>Bezahlbare und saubere Energie<\/li><li>W\u00fcrdige Arbeit und Wirtschaftswachstum<\/li><li>Industrie, Innovation und Infrastruktur<\/li><li>&#8211; 17. <a href=\"https:\/\/www.un.org\/sustainabledevelopment\/sustainable-development-goals\/\">im Originaldokument<\/a><\/li><\/ol>\n\n\n\n<h4 class=\"wp-block-heading\" id=\"Block_Holistic\">Holistic Management<\/h4>\n\n\n\n<p><a href=\"https:\/\/genughaben.de\/2013\/09\/18\/ganzheitliche-lebensplanung-mit-holistic-management\/\">Dieses von Alan Savory seit den 50-Jahren des 20. Jahrhunderts entwickelte Konzept<\/a> ist ein Weg, um im gro\u00dfen Umfang die riesigen semi-ariden Gebiete der Erde wieder ergr\u00fcnen zu lassen und um potentiell so viel CO<sub>2<\/sub> zu binden. Wenn so die H\u00e4lfte dieser Gebiete wieder gr\u00fcn wird, wird damit wieder das CO<sub>2<\/sub> Niveau vor der Industrialisierung erreicht.<\/p>\n\n\n\n<figure class=\"wp-block-embed-youtube wp-block-embed is-type-video is-provider-youtube wp-embed-aspect-16-9 wp-has-aspect-ratio\"><div class=\"wp-block-embed__wrapper\">\n<iframe loading=\"lazy\" title=\"How to green the world&#039;s deserts and reverse climate change | Allan Savory\" width=\"1200\" height=\"675\" src=\"https:\/\/www.youtube.com\/embed\/vpTHi7O66pI?feature=oembed\" frameborder=\"0\" allow=\"accelerometer; autoplay; clipboard-write; encrypted-media; gyroscope; picture-in-picture\" allowfullscreen><\/iframe>\n<\/div><\/figure>\n\n\n\n<h4 class=\"wp-block-heading\">Die W\u00fcste zum Ergr\u00fcnen bringen &#8211;  John D. Liu<\/h4>\n\n\n\n<p>Der Fotograf John D. Liu hat seit \u00fcber 20 Jahren daran gearbeitet, W\u00fcsten zu begr\u00fcnen und Bio-Diversit\u00e4t wieder herzustellen. <\/p>\n\n\n\n<p>Seine Mission begann, als er 1995 einen Film \u00fcber die Begr\u00fcnungsaktion des Loess-Plateau in China, wo die \u00f6rtliche Bev\u00f6lkerung ein Gebiet der Gr\u00f6\u00dfe der Niederlande aus einer W\u00fcste in eine gr\u00fcne Oase verwandelte. Seither wurde die Begr\u00fcnung von W\u00fcstengebieten seine Leidenschaft. <\/p>\n\n\n\n<figure class=\"wp-block-embed-youtube wp-block-embed is-type-video is-provider-youtube wp-embed-aspect-16-9 wp-has-aspect-ratio\"><div class=\"wp-block-embed__wrapper\">\n<iframe loading=\"lazy\" title=\"Regreening the desert with John D. Liu | VPRO Documentary | 2012\" width=\"1200\" height=\"675\" src=\"https:\/\/www.youtube.com\/embed\/IDgDWbQtlKI?feature=oembed\" frameborder=\"0\" allow=\"accelerometer; autoplay; clipboard-write; encrypted-media; gyroscope; picture-in-picture\" allowfullscreen><\/iframe>\n<\/div><\/figure>\n\n\n\n<p>Die gewonnene Erkenntnisse sind:<\/p>\n\n\n\n<ul class=\"wp-block-list\"><li>Es ist m\u00f6glich, zerst\u00f6rte \u00d6kosysteme wieder zu regenerieren<\/li><li>Es kann in vergleichsweise kurzer Zeit geschehen, bereits nach 3 Jahren sind sichtbare Ergebnisse zu erreichen<\/li><li>Der entscheidende Schritt sind Einz\u00e4unungen, um Land vor der \u00dcberweidung zu sch\u00fctzen, was automatisch zum Pflanzenwachsentum f\u00fchrt und einem neuen Mikroklima und zum Wasserzyklus. <\/li><li>Ohne Vegetation flie\u00dft das Wasser ab, was zu \u00dcberschwemmungen und Trockenheit f\u00fchrt. Das Pflanzen von einheimischen Pflanzen und B\u00e4umen f\u00fchrt zur Speicherung des Wassers. <\/li><\/ul>\n\n\n\n<p> <\/p>\n\n\n\n<h4 class=\"wp-block-heading\" id=\"Block_Caledonian\">Wieder-Aufforstung des Caledonischen Waldes in Schottland<\/h4>\n\n\n\n<p>Die Initiative eines einzelnen, Alan Watson-Featherstone, zeigt, dass es durch \u00f6kologisch kluges Vorgehen m\u00f6glich ist, Steppengebiete wieder in W\u00e4lder mit Wildtieren zu verwandeln, die sehr viel mehr CO<sub>2<\/sub> binden. <\/p>\n\n\n\n<figure class=\"wp-block-embed-youtube wp-block-embed is-type-video is-provider-youtube wp-embed-aspect-16-9 wp-has-aspect-ratio\"><div class=\"wp-block-embed__wrapper\">\n<iframe loading=\"lazy\" title=\"Restoring the ancient Caledonian Forest | Alan Watson-Featherstone | TEDxFindhorn\" width=\"1200\" height=\"675\" src=\"https:\/\/www.youtube.com\/embed\/UDtsExXe93Q?feature=oembed\" frameborder=\"0\" allow=\"accelerometer; autoplay; clipboard-write; encrypted-media; gyroscope; picture-in-picture\" allowfullscreen><\/iframe>\n<\/div><\/figure>\n\n\n\n<h4 class=\"wp-block-heading\" id=\"Block_Agroforestry\">Agroforestry &#8211; Landwirtschaft zusammen mit B\u00e4umen<\/h4>\n\n\n\n<p><strong><a href=\"https:\/\/www.worldagroforestry.org\/about\/agroforestry\">Agroforestry ist die Wechselwirkung von Landwirtschaft und B\u00e4umen<\/a>, einschlie\u00dflich der landwirtschaftlichen Nutzung von B\u00e4umen. <\/strong><br>Hier die \u00dcbersetzung der langen <a href=\"http:\/\/www.eurafagroforestry.eu\/countries\/portugal\/A_short_history_of_agroforestry_in_Portugal\">Geschichte dieses Ansatzes in Portugal<\/a>:<\/p>\n\n\n\n<p>Der Baumschutz wird zuerst am 13. Juni 1310 erw\u00e4hnt, als der K\u00f6nig D. Dinis die Durchforstung seines Landes per Dekret verbietet. Der Holzbedarf f\u00fcr den Marinebau im XIV. und XV. Jahrhundert f\u00fchrte zur Ersch\u00f6pfung der Landschaftsb\u00e4ume, obwohl D. Dinis als Mentor des noch heute bestehenden Leiria National Forest (11.000 ha Seekiefer) gilt. Im XV. Jahrhundert wurde &#8222;F\u00e4llen und Verbrennen&#8220; bereits als \u00fcberlastende Landnutzungspraxis auf landwirtschaftlichen Fl\u00e4chen bezeichnet (Lobo, 1903). Damals f\u00fchrte die explizite Anerkennung der Ersch\u00f6pfung der vorhandenen Boden- und Holzvorkommen bereits im XVI. Jahrhundert zu einigen Gesetzen, wie z.B. einem &#8222;Alvar\u00e1 vom 3. Oktober 1565&#8220;, in dem die Notwendigkeit der Baumpflanzung auf landwirtschaftlichen Fl\u00e4chen festgestellt wurde. Der Restaurationskrieg (1640-1668) zwischen Portugal und Spanien f\u00fchrte zur Aufgabe von Anbaufl\u00e4chen, zur F\u00f6rderung der Strauchentwicklung und zur nat\u00fcrlichen Baumregeneration. Im XVIII Jahrhundert beginnt das Holzkohlegesch\u00e4ft und im XIX Jahrhundert erreicht dieser Markt die h\u00f6chsten Preise mit der industriellen Revolution und der damit verbundenen Ersch\u00f6pfung der B\u00e4ume in verlassenen Gebieten. In der ersten H\u00e4lfte des XX. Jahrhunderts (1926) zwang die von der Diktatur Salazar organisierte &#8222;Weizenkampagne&#8220; zu einer intensiven Landwirtschaft, die B\u00e4ume von den landwirtschaftlichen Feldern entfernte, und mangels Bodenfruchtbarkeit wurden hohe D\u00fcngewerte angewendet. Derzeit sind die wichtigsten agroforstwirtschaftlichen Baumarten in Portugal Korkeiche (Quercus suber L.) und Steineiche (Quercus rotundifolia L.). Die Statistiken \u00fcber die Agroforstwirtschaft sind verschwommen. Dies h\u00e4ngt mit der Art der Agroforstsysteme selbst zusammen, da die Grenzen der Klassifizierung zwischen Wald und Agrow\u00e4ldern verschwommen sind, da die Untertagebewirtschaftung eine dynamische Landnutzung ist, die sich von konventionellem Anbau, Weide und Fl\u00e4chenstilllegung abwechselt, die manchmal mehr als ein Jahr dauert und das Auftreten von Str\u00e4uchern f\u00f6rdert, die zu diesem Zeitpunkt durch Fehlinterpretation des Landmanagementkontextes oder durch Interpretation von Luftbild-\/Satellitenbildern als Wald eingestuft werden. Nach dem Nationalen Waldinventar (NFI) 2010 umfassen die W\u00e4lder\/Agrarw\u00e4lder 716.000 bzw. 413.000 ha f\u00fcr Korkeiche und Steineiche, was 30% des gesamten in den portugiesischen W\u00e4ldern vorhandenen Kohlenstoffs (C) ausmacht, wobei Korkeiche 64 x 106 Mg CO2-\u00c4quivalente und Steineiche 20 x 106 Mg CO2-Aquivalente speichern. Die Zahlen zeigen einen leichten Anstieg der Korkeiche (713 bis 716 kha) und einen leichten R\u00fcckgang der Steineiche (462 bis 413 kha) seit 1998.<\/p>\n\n\n\n<h4 class=\"wp-block-heading\">Kraftwerke ohne Abgase<\/h4>\n\n\n\n<p>Konventionelle Kraftwerke, die nach wie vor den gr\u00f6\u00dften Teil unseres Stroms zuverl\u00e4ssig erzeugen, sind sp\u00e4testens seit den Empfehlungen der &#8222;Kohlekommission&#8220; auf der Abschussliste, obwohl noch \u00fcberhaupt nicht gekl\u00e4rt ist, wie die systematischen jahreszeitlichen und zuf\u00e4lligen Versorgungsl\u00fccken (&#8222;Dunkelflaute&#8220;) \u00fcberbr\u00fcckt werden k\u00f6nnen.  Ein vielversprechender, konstruktiver Ansatz ist, Gas- und Kohlekraftwerke so zu bauen, dass sie gar keine Abgase, also auch kein CO<sub>2<\/sub> an die Atmosph\u00e4re abgeben. <a href=\"https:\/\/www.icef-forum.org\/pdf2018\/program\/cs2\/Presentation_Hideo_Nomoto_181016.pdf\">Eine Erfindung mit einer neuen Turbinentechnik l\u00e4sst diese M\u00f6glichkeit Realit\u00e4t werden<\/a>. Eine solche Pilotanlage ist jetzt in Texas in Betrieb gegangen: <\/p>\n\n\n\n<figure class=\"wp-block-embed-wordpress wp-block-embed is-type-wp-embed is-provider-tichys-einblick\"><div class=\"wp-block-embed__wrapper\">\n<blockquote class=\"wp-embedded-content\" data-secret=\"9S18KQycut\"><a href=\"https:\/\/www.tichyseinblick.de\/kolumnen\/neue-wege\/auf-dem-weg-in-die-kohlendioxid-oekonomie\/\">Auf dem Weg in die Kohlendioxid-\u00d6konomie<\/a><\/blockquote><iframe loading=\"lazy\" class=\"wp-embedded-content\" sandbox=\"allow-scripts\" security=\"restricted\" style=\"position: absolute; clip: rect(1px, 1px, 1px, 1px);\" title=\"&#8222;Auf dem Weg in die Kohlendioxid-\u00d6konomie&#8220; &#8212; Tichys Einblick\" src=\"https:\/\/www.tichyseinblick.de\/kolumnen\/neue-wege\/auf-dem-weg-in-die-kohlendioxid-oekonomie\/embed\/#?secret=9S18KQycut\" data-secret=\"9S18KQycut\" width=\"600\" height=\"338\" frameborder=\"0\" marginwidth=\"0\" marginheight=\"0\" scrolling=\"no\"><\/iframe>\n<\/div><\/figure>\n\n\n\n<h4 class=\"wp-block-heading\" id=\"Block_Bottrop\"> Und in einem ganz normalen Ort in Deutschland? <\/h4>\n\n\n\n<p>Die Art und Weise der hierzulande durchgef\u00fchrten Klimapolitik hat erscheint planlos, chaotisch und vor allem darauf zu zielen, den B\u00fcrgern mit neuen Steuern, Abgaben und Zwangsma\u00dfnahmen das Geld aus der Tasche zu ziehen, ohne dass es einen messbaren Effekt hat. Im Gegenteil, die &#8222;Energiewende&#8220; hat den Aussto\u00df von CO<sub>2<\/sub> vergr\u00f6\u00dfert und wird es &#8212; bei ehrlicher Rechnung &#8212; auch weiter tun.  Messbar ist nur die zunehmende Verarmung, vor allem derjenigen, die ohnehin wenig haben. <br><br>Aber es geht auch anders. Unter dem Motto \u201e<strong>Zu billig, in einer Stadt den Klimanotstand auszurufen<\/strong>\u201c   <a href=\"https:\/\/think-beyondtheobvious.com\/stelters-lektuere\/zu-billig-in-einer-stadt-den-klimanotstand-auszurufen\/\">zeigt dieser Beitrag, wie <strong>die Stadt Bottrop<\/strong> durch kluge Initiativen und freiwillige Beteiligung die sog. &#8222;Klimaziele&#8220; erreichen kann<\/a>.<br><br><strong>Die Stadt Mannheim<\/strong> nimmt die geplante Bundesgartenschau im Jahre 2023 zum Anla\u00df, <a href=\"https:\/\/www.mannheim.de\/sites\/default\/files\/2019-04\/Konzept_Anpassung%20an%20den%20Klimawandel%20in%20Mannheim_final.pdf\">die Stadt durch u.a. <strong>Ausweitung der Gr\u00fcnfl\u00e4chen, auch an und auf Geb\u00e4uden,<\/strong> so umzugestalten<\/a>, da\u00df im Sommer eine <strong>Absenkung der Temperatur um bis zu 2 Grad<\/strong> erfolgen wird. <\/p>\n\n\n\n<p><\/p>\n","protected":false},"excerpt":{"rendered":"<p>Es gibt in der verfahrenen Klimadiskussion auch wirklich gute Nachrichten. Unabh\u00e4ngig davon, wie man zur Frage der Notwendigkeit von CO2 &#8211; Reduktionen steht, kann m.E. &hellip; <\/p>\n","protected":false},"author":1,"featured_media":0,"parent":0,"menu_order":50,"comment_status":"open","ping_status":"closed","template":"","meta":{"_monsterinsights_skip_tracking":false,"_monsterinsights_sitenote_active":false,"_monsterinsights_sitenote_note":"","_monsterinsights_sitenote_category":0,"_uf_show_specific_survey":0,"_uf_disable_surveys":false,"twitterCardType":"","cardImageID":0,"cardImage":"","cardTitle":"","cardDesc":"","cardImageAlt":"","cardPlayer":"","cardPlayerWidth":0,"cardPlayerHeight":0,"cardPlayerStream":"","cardPlayerCodec":"","footnotes":""},"class_list":["post-415","page","type-page","status-publish","hentry"],"_links":{"self":[{"href":"https:\/\/klima-fakten.net\/index.php?rest_route=\/wp\/v2\/pages\/415","targetHints":{"allow":["GET"]}}],"collection":[{"href":"https:\/\/klima-fakten.net\/index.php?rest_route=\/wp\/v2\/pages"}],"about":[{"href":"https:\/\/klima-fakten.net\/index.php?rest_route=\/wp\/v2\/types\/page"}],"author":[{"embeddable":true,"href":"https:\/\/klima-fakten.net\/index.php?rest_route=\/wp\/v2\/users\/1"}],"replies":[{"embeddable":true,"href":"https:\/\/klima-fakten.net\/index.php?rest_route=%2Fwp%2Fv2%2Fcomments&post=415"}],"version-history":[{"count":67,"href":"https:\/\/klima-fakten.net\/index.php?rest_route=\/wp\/v2\/pages\/415\/revisions"}],"predecessor-version":[{"id":5958,"href":"https:\/\/klima-fakten.net\/index.php?rest_route=\/wp\/v2\/pages\/415\/revisions\/5958"}],"wp:attachment":[{"href":"https:\/\/klima-fakten.net\/index.php?rest_route=%2Fwp%2Fv2%2Fmedia&parent=415"}],"curies":[{"name":"wp","href":"https:\/\/api.w.org\/{rel}","templated":true}]}}