{"id":337,"date":"2019-09-16T09:59:46","date_gmt":"2019-09-16T09:59:46","guid":{"rendered":"http:\/\/klima-fakten.net\/?page_id=269\/?page_id=337"},"modified":"2023-12-19T14:35:12","modified_gmt":"2023-12-19T13:35:12","slug":"ueber-den-autor","status":"publish","type":"page","link":"https:\/\/klima-fakten.net\/?page_id=337","title":{"rendered":"\u00dcber den Autor"},"content":{"rendered":"<div class=\"pdfprnt-buttons pdfprnt-buttons-page pdfprnt-top-right\"><a href=\"https:\/\/klima-fakten.net\/index.php?rest_route=wpv2pages337&print=print\" class=\"pdfprnt-button pdfprnt-button-print\" target=\"_blank\"><img decoding=\"async\" src=\"https:\/\/klima-fakten.net\/wp-content\/plugins\/pdf-print\/images\/print.png\" alt=\"image_print\" title=\"Inhalt drucken\" \/><\/a><\/div>\n<p>Ein Artikel mit wissenschaftlichem Anspruch, dessen Aussagen mit leicht zug\u00e4nglichen Referenzen belegt ist, sollte eigentlich f\u00fcr sich sprechen, die Intention des Beitrags ist, dass der Inhalt in sich logisch, klar und verst\u00e4ndlich ist, unabh\u00e4ngig von der Person, die ihn geschrieben hat. <\/p>\n\n\n\n<p>Kaum war die Webseite &#8222;live&#8220; im Internet, wurde ich gleich darauf angesprochen, etwas zu meiner Vita zu schreiben, weil offenbar viele fragen: &#8222;Wer ist denn der?&#8220;,  &#8222;Noch einer, der in die Suppe spuckt..&#8220;, usw. <\/p>\n\n\n\n<p>Da diese Anfrage von einem guten, wohlmeinenden und in der Klimadiskussion sehr kompetenten Freund kommt, m\u00f6chte ich sie ernst nehmen und einiges zu meinem pers\u00f6nlichen Bezug zur Thematik und zu meiner Motivation schreiben.<\/p>\n\n\n\n<p>Ich bin promovierter und habilitierter Physiker.  In der Zeit, als ich in Heidelberg promovierte (1985), war der Anspruch bei der Promotionspr\u00fcfung, &#8222;dass man in der Physik zuhause ist&#8220;. Das bedeutete, dass jeder der beteiligten Pr\u00fcfer eine beliebige Frage aus jedem Gebiet der Physik stellen konnte. Von mir als einem promovierten Physiker kann also erwartet werden, dass ich mit Fragestellungen der Physik umgehen kann, auch wenn sie nicht direkt in meinem Schwerpunktgebiet liegen. Das war damals die digitale Bildanalyse.  <\/p>\n\n\n\n<p>Meine Habilitationsarbeit &#8222;Grundlagen optimaler Modellbildung&#8220; schrieb ich 1990 w\u00e4hrend eines Gastwissenschaftler-Aufenthalts am MIT in Boston (Mass.\/USA). Der Schwerpunkt war auch hier die digitale Bildanalyse, die verwendeten und erarbeiteten Konzepte sind allerdings nicht darauf beschr\u00e4nkt. Dieses Wissen erleichtert mir heute, die diversen Klimamodelle zu analysieren und zu bewerten. <\/p>\n\n\n\n<p>Die Besch\u00e4ftigung mit Umwelt, Sonnenenergie und Klima war zwar nie das Mittel, den Lebensunterhalt meiner Familie zu verdienen, aber diese Fragestellungen zogen sich wie ein roter Faden durch meine Biographie: <\/p>\n\n\n\n<ul class=\"wp-block-list\">\n<li>Als Kind fragte ich meinen Vater, wo eigentlich die ganzen Auspuffgase der Autos hingehen. Ich erinnere mich, dass mich seine Antwort, diese w\u00fcrden sich einfach in der Luft verd\u00fcnnen, nicht ganz zufrieden stellte (es mussten ja dann immer mehr werden&#8230;.)<\/li>\n\n\n\n<li>W\u00e4hrend der Schulzeit hat oben genannter Freund uns Klassenkameraden (&#8222;mitten in der Nacht&#8220;) in das nahe gelegene Waldgebiet &#8222;Sch\u00f6nbuch&#8220; mitgenommen, um Hirsche und andere Wildtiere zu beobachten. Seine engagierte \u00dcberzeugung f\u00fcr die Natur hat uns damals schon angesteckt. <\/li>\n\n\n\n<li>Motiviert durch das Buch &#8222;Grenzen des Wachstums&#8220; und E.F. Schumachers Appell zur &#8222;R\u00fcckkehr zum menschlichen Ma\u00df&#8220; haben wir als Studenten einen \u00f6kologischen Arbeitskreis gegr\u00fcndet, und u.a. einen Prototyp einen Parabolspiegels als Motivation zur Nutzung der Sonnenenergie gebaut.<\/li>\n\n\n\n<li>Seit 1978 war ich 25 Jahre lang Mitglied der Deutschen Gesellschaft f\u00fcr Sonnenenergie, um aus erster Hand \u00fcber die neuesten Entwicklungen informiert zu sein. In diesem Zusammenhang habe ich versucht, die Firma Siemens zu motivieren, einen &#8222;solaren Br\u00fcter&#8220; zu bauen, d.h. eine Anlage zur Erzeugung von PV-Zellen, die rein solar betrieben wird. Das schien mir ein sehr \u00fcberzeugendes Konzept zu sein. Offensichtlich wird es bis heute noch nirgends realisiert. Warum?<\/li>\n\n\n\n<li>1981 war ich federf\u00fchrend dabei, die Wanderausstellung von Frederic Vester &#8222;Unsere Welt, ein vernetztes System&#8220; an der Uni Heidelberg zu organisieren. <\/li>\n\n\n\n<li>Bei einem l\u00e4ngeren Aufenthalt in Indien (1981\/82) habe ich mehrere funktionierende Prototypen  von Solarkochern (Kochkisten) aus lokal verf\u00fcgbaren Mitteln zum Preis von je 100 Rupien (25 DM damals) gebaut, um der armen Landbev\u00f6lkerung eine Alternative zum m\u00fchsamen Kochen mit Holz zu zeigen.  Begleitet wurde das von einer Aktion zum Pflanzen von schnell wachsenden B\u00e4umen (schon damals war es &#8222;5 vor 12&#8220;), sowie einer solar betriebenen Anlage zur Erzeugung von warmem Wasser (mit dem Hindi-englischen Werbespruch eines Freundes &#8222;garam pani machine hai, fully automatic&#8220;).<br>Dabei lernte ich nicht nur die Grenzen der &#8222;von au\u00dfen&#8220; kommenden &#8222;Entwicklungshilfe&#8220; kennen, sondern auch eine gewisse Skepsis gegen\u00fcber der Solar-Technologie, die sich in ziemlich eindeutigen Witzen \u00e4u\u00dferte (&#8222;Sie leiden an Unterern\u00e4hrung, Sie sollten den Solarkocher nicht w\u00e4hrend der Regenzeit benutzen!&#8220;). <\/li>\n<\/ul>\n\n\n\n<p>W\u00e4hrend meiner beruflichen T\u00e4tigkeit habe ich die Diskussion um den Klimawandel immer mitverfolgt, und stellte mit zunehmender Sorge fest, dass die Diskussion sich zunehmend weniger an physikalischen Fakten als an politischen Interessen und Vorgaben orientiert.  Diese Diskussion wieder &#8222;vom Kopf auf die F\u00fc\u00dfe zu stellen&#8220;, ist die Motivation dieser Webseite.<br><br>Aus meiner Sicht stehen wir vor dieser Alternative: <br><br>Wenn die Lage so ernst ist, wie es die &#8222;Alarmisten&#8220; behaupten, dann muss es m\u00f6glich sein, den Ernst der Lage auch seri\u00f6s und f\u00fcr den Gro\u00dfteil der Bev\u00f6lkerung nachvollziehbar zu belegen. Die Diskussion wird nicht dadurch glaubw\u00fcrdig, wenn man sich hinter komplizierten und obskuren &#8222;Modellen&#8220; versteckt, und auf dieser Grundlage unsere Gesellschaft schleichend in eine Diktatur umwandelt. <br><br>Andererseits ist es auch wenig fruchtbar, wenn die &#8222;Skeptiker&#8220; alle paar Monate eine neue Publikation &#8222;ausgraben&#8220; und damit behaupten, alles was das IPCC verk\u00fcndet, w\u00e4re Unsinn. Wenn man genau hinschaut, ist an diesen Publikationen meist &#8222;etwas dran&#8220;, aber es k\u00f6nnte bisweilen auch eine andere, widersprechende Sicht mit ebenfalls guten Argumenten geben.  Sollte es tats\u00e4chlich unbedenklich sein, wenn weiter zus\u00e4tzliches CO<sub>2<\/sub> erzeugt wird, dann braucht es nicht nur eine gute Theorie, sondern auch plausible Erkl\u00e4rungen f\u00fcr z.B.  den langfristigen Erw\u00e4rmungstrend und Wetterph\u00e4nomene, die anderen Zeitgenossen Angst bereiten.<br><br>Ich m\u00f6chte mit dieser Webseite dazu beitragen, dass jeder, der seri\u00f6s etwas erarbeitet hat, seinen Beitrag einbringen kann, sofern er dazu bereit ist, die Fundamente, die uns die Physik liefert, zu akzeptieren.  <\/p>\n\n\n\n<p>Konstruktiv w\u00fcnsche ich mir, dass diese Fundamente auch in den Schulen vermittelt werden, damit Sch\u00fcler zu m\u00fcndigen B\u00fcrgern werden, und nicht zu Opfern von Ideologen.   <\/p>\n\n\n\n<p> <\/p>\n","protected":false},"excerpt":{"rendered":"<p>Ein Artikel mit wissenschaftlichem Anspruch, dessen Aussagen mit leicht zug\u00e4nglichen Referenzen belegt ist, sollte eigentlich f\u00fcr sich sprechen, die Intention des Beitrags ist, dass der &hellip; <\/p>\n","protected":false},"author":1,"featured_media":0,"parent":0,"menu_order":100,"comment_status":"closed","ping_status":"closed","template":"","meta":{"_monsterinsights_skip_tracking":false,"_monsterinsights_sitenote_active":false,"_monsterinsights_sitenote_note":"","_monsterinsights_sitenote_category":0,"_uf_show_specific_survey":0,"_uf_disable_surveys":false,"twitterCardType":"","cardImageID":0,"cardImage":"","cardTitle":"","cardDesc":"","cardImageAlt":"","cardPlayer":"","cardPlayerWidth":0,"cardPlayerHeight":0,"cardPlayerStream":"","cardPlayerCodec":"","footnotes":""},"class_list":["post-337","page","type-page","status-publish","hentry"],"_links":{"self":[{"href":"https:\/\/klima-fakten.net\/index.php?rest_route=\/wp\/v2\/pages\/337","targetHints":{"allow":["GET"]}}],"collection":[{"href":"https:\/\/klima-fakten.net\/index.php?rest_route=\/wp\/v2\/pages"}],"about":[{"href":"https:\/\/klima-fakten.net\/index.php?rest_route=\/wp\/v2\/types\/page"}],"author":[{"embeddable":true,"href":"https:\/\/klima-fakten.net\/index.php?rest_route=\/wp\/v2\/users\/1"}],"replies":[{"embeddable":true,"href":"https:\/\/klima-fakten.net\/index.php?rest_route=%2Fwp%2Fv2%2Fcomments&post=337"}],"version-history":[{"count":38,"href":"https:\/\/klima-fakten.net\/index.php?rest_route=\/wp\/v2\/pages\/337\/revisions"}],"predecessor-version":[{"id":8384,"href":"https:\/\/klima-fakten.net\/index.php?rest_route=\/wp\/v2\/pages\/337\/revisions\/8384"}],"wp:attachment":[{"href":"https:\/\/klima-fakten.net\/index.php?rest_route=%2Fwp%2Fv2%2Fmedia&parent=337"}],"curies":[{"name":"wp","href":"https:\/\/api.w.org\/{rel}","templated":true}]}}